{"id":152,"date":"2023-11-30T14:41:13","date_gmt":"2023-11-30T13:41:13","guid":{"rendered":"https:\/\/whistleblowing.isolcell.com\/bericht-senden\/"},"modified":"2023-12-11T16:25:47","modified_gmt":"2023-12-11T15:25:47","slug":"bericht-senden","status":"publish","type":"page","link":"https:\/\/whistleblowing.isolcell.com\/de\/bericht-senden\/","title":{"rendered":"Bericht senden"},"content":{"rendered":"\nBeantworten Sie so viele Fragen wie m\u00f6glich und geben Sie detaillierte Informationen.<br>Wenn Sie keine Informationen haben, lassen Sie das Antwortfeld leer.<br><br><form action=\"\/de\/bericht-erstellt\/\" method=\"post\" enctype=\"multipart\/form-data\"><strong>Was ist der Grund f\u00fcr Ihr Anliegen?<\/strong><br>Bitte w\u00e4hlen Sie eine Kategorie.<br><select name=\"natura\">\n  <option value=\"economia\">Wirtschaft, Finanzen, Geld, Geldw\u00e4scherei.<\/option>\n  <option value=\"concussione\">Bestechung, Korruption, Interessenkonflikte.<\/option>\n  <option value=\"appalti\">Auftragsvergabe und Beschaffung.<\/option>\n  <option value=\"prodotti\">Transport, Produkte, Produktion.<\/option>\n  <option value=\"vita\">Leben, pers\u00f6nliche Gesundheit.<\/option>\n  <option value=\"molestie\">Sexuelle Bel\u00e4stigung.<\/option>\n  <option value=\"dati\">Verwaltung pers\u00f6nlicher Daten.<\/option>\n  <option value=\"ambientale\">Auswirkungen auf die Umwelt.<\/option>\n  <option value=\"minacce\">Drohungen, Gewalt, Diebstahl.<\/option>\n  <option value=\"altro\">Sonstiges.<\/option>\n<\/select><br><strong>Um wen geht es in Ihrem Bericht?<\/strong><br>Gibt an, welche Personen an der Straftat beteiligt waren.<br><input type=\"text\" name=\"chi\"><br><br><strong>Was ist passiert?<\/strong><br>Geben Sie eine m\u00f6glichst genaue Beschreibung.<br><input type=\"text\" name=\"cosa\"><br><br><strong>Wo ist die Straftat begangen worden?<\/strong><br>Sie gibt den n\u00e4chstgelegenen Standort an, z. B. Name des Arbeitsplatzes, Raum, Abteilung.<br><input type=\"text\" name=\"dove\"><br><br><strong>Wann ist die Straftat begangen worden?<\/strong><br>Vergangenheit, Gegenwart, Zukunft, laufend oder ein bestimmter Tag und eine bestimmte Uhrzeit.<br><input type=\"text\" name=\"quando\"><br><br><strong>Haben Sie im Zusammenhang mit diesem Fall weitere Ma\u00dfnahmen ergriffen?<\/strong><br>Haben Sie zum Beispiel mit einer anderen Person dar\u00fcber gesprochen oder den Vorfall an anderer Stelle gemeldet? Wenn ja, beschreiben Sie die Ma\u00dfnahme hier.<br><input type=\"text\" name=\"azioni\"><br><br><strong>Haben Sie Dokumente oder andere Beweise, um den Bericht zu untermauern?<\/strong><br>F\u00fcgen Sie Belege wie Fotos, Videos, Audiodateien, E-Mails, Screenshots, andere Dokumente usw. bei. ACHTUNG: Achten Sie bitte darauf, dass die Anh\u00e4nge keine Nutzerdaten enthalten, die Ihre Identit\u00e4t preisgeben k\u00f6nnten.<br><input type=\"file\" name=\"files[]\" id=\"files\" multiple \/><br><br><strong>Weitere Informationen?<\/strong><br>  <textarea name=\"informazioni\" rows=\"4\"><\/textarea><br><br><strong>Sobald der Bericht abgeschickt wurde, wird ein Code angezeigt, den nur Sie sehen k\u00f6nnen. Mit diesem Code k\u00f6nnen Sie den von Ihnen gesendeten Bericht erneut eingeben, unsere Antworten lesen, mit uns sprechen und weitere Dokumente anh\u00e4ngen. Wir empfehlen Ihnen, den Code an einem sicheren Ort zu speichern.<\/strong><br><input type=\"submit\" value=\"SENDEN\" align=\"right\"><\/form>\n","protected":false},"excerpt":{"rendered":"","protected":false},"author":1,"featured_media":0,"parent":0,"menu_order":0,"comment_status":"closed","ping_status":"closed","template":"","meta":{"footnotes":""},"class_list":["post-152","page","type-page","status-publish","hentry"],"_links":{"self":[{"href":"https:\/\/whistleblowing.isolcell.com\/de\/wp-json\/wp\/v2\/pages\/152","targetHints":{"allow":["GET"]}}],"collection":[{"href":"https:\/\/whistleblowing.isolcell.com\/de\/wp-json\/wp\/v2\/pages"}],"about":[{"href":"https:\/\/whistleblowing.isolcell.com\/de\/wp-json\/wp\/v2\/types\/page"}],"author":[{"embeddable":true,"href":"https:\/\/whistleblowing.isolcell.com\/de\/wp-json\/wp\/v2\/users\/1"}],"replies":[{"embeddable":true,"href":"https:\/\/whistleblowing.isolcell.com\/de\/wp-json\/wp\/v2\/comments?post=152"}],"version-history":[{"count":1,"href":"https:\/\/whistleblowing.isolcell.com\/de\/wp-json\/wp\/v2\/pages\/152\/revisions"}],"predecessor-version":[{"id":153,"href":"https:\/\/whistleblowing.isolcell.com\/de\/wp-json\/wp\/v2\/pages\/152\/revisions\/153"}],"wp:attachment":[{"href":"https:\/\/whistleblowing.isolcell.com\/de\/wp-json\/wp\/v2\/media?parent=152"}],"curies":[{"name":"wp","href":"https:\/\/api.w.org\/{rel}","templated":true}]}}