{"id":150,"date":"2023-11-30T14:41:13","date_gmt":"2023-11-30T13:41:13","guid":{"rendered":"https:\/\/whistleblowing.isolcell.com\/envoi-dun-rapport\/"},"modified":"2023-12-11T16:25:21","modified_gmt":"2023-12-11T15:25:21","slug":"envoi-dun-rapport","status":"publish","type":"page","link":"https:\/\/whistleblowing.isolcell.com\/fr\/envoi-dun-rapport\/","title":{"rendered":"Envoi d&rsquo;un rapport"},"content":{"rendered":"\nR\u00e9pondez \u00e0 autant de questions que possible et fournissez des informations d\u00e9taill\u00e9es.<br>Si vous ne disposez d'aucune information, laissez le champ de r\u00e9ponse vide.<br><br><form action=\"\/fr\/rapport-cree\/\" method=\"post\" enctype=\"multipart\/form-data\"><strong>Quelle est la nature de votre pr\u00e9occupation ?<\/strong><br>Veuillez s\u00e9lectionner une cat\u00e9gorie.<br><select name=\"natura\">\n  <option value=\"economia\">\u00c9conomie, finance, argent, blanchiment d'argent.<\/option>\n  <option value=\"concussione\">Pots-de-vin, corruption, conflits d'int\u00e9r\u00eats.<\/option>\n  <option value=\"appalti\">Achats et march\u00e9s publics.<\/option>\n  <option value=\"prodotti\">Transport, produits, production.<\/option>\n  <option value=\"vita\">Vie, sant\u00e9 personnelle.<\/option>\n  <option value=\"molestie\">Harc\u00e8lement sexuel.<\/option>\n  <option value=\"dati\">Gestion des donn\u00e9es personnelles.<\/option>\n  <option value=\"ambientale\">Impact sur l'environnement.<\/option>\n  <option value=\"minacce\">Menaces, violences, vols.<\/option>\n  <option value=\"altro\">Autre.<\/option>\n<\/select><br><strong>Sur qui porte votre rapport ?<\/strong><br>Indique les personnes impliqu\u00e9es dans l'infraction.<br><input type=\"text\" name=\"chi\"><br><br><strong>Que s'est-il pass\u00e9 ?<\/strong><br>Donnez une description aussi pr\u00e9cise que possible.<br><input type=\"text\" name=\"cosa\"><br><br><strong>O\u00f9 l'infraction a-t-elle \u00e9t\u00e9 commise ?<\/strong><br>Il indique l'emplacement le plus proche, par exemple le nom du lieu de travail, la salle, le service.<br><input type=\"text\" name=\"dove\"><br><br><strong>Quand l'infraction a-t-elle \u00e9t\u00e9 commise ?<\/strong><br>Pass\u00e9, pr\u00e9sent, futur, en cours ou un jour et une heure sp\u00e9cifiques.<br><input type=\"text\" name=\"quando\"><br><br><strong>Avez-vous pris d'autres mesures dans le cadre de cette affaire ?<\/strong><br>Par exemple, en avez-vous parl\u00e9 \u00e0 quelqu'un d'autre ou l'avez-vous signal\u00e9 ailleurs ? Si oui, d\u00e9crivez l'action ici.<br><input type=\"text\" name=\"azioni\"><br><br><strong>Avez-vous des documents ou d'autres preuves \u00e0 l'appui du rapport ?<\/strong><br>Joignez des documents justificatifs tels que des photos, des vid\u00e9os, des fichiers audio, des courriels, des captures d'\u00e9cran, d'autres documents, etc. ATTENTION : Veillez \u00e0 ce que les pi\u00e8ces jointes ne contiennent pas de donn\u00e9es d'utilisateur susceptibles de r\u00e9v\u00e9ler votre identit\u00e9.<br><input type=\"file\" name=\"files[]\" id=\"files\" multiple \/><br><br><strong>Autres informations ?<\/strong><br>  <textarea name=\"informazioni\" rows=\"4\"><\/textarea><br><br><strong>Une fois le rapport envoy\u00e9, un code s'affichera, que vous seul pourrez voir. Ce code vous permettra de saisir \u00e0 nouveau le rapport que vous avez envoy\u00e9, de lire nos r\u00e9ponses, de nous parler et de joindre d'autres documents. Nous vous recommandons de sauvegarder le code dans un endroit s\u00fbr.<\/strong><br><input type=\"submit\" value=\"ENVOYER\" align=\"right\"><\/form>\n","protected":false},"excerpt":{"rendered":"","protected":false},"author":1,"featured_media":0,"parent":0,"menu_order":0,"comment_status":"closed","ping_status":"closed","template":"","meta":{"footnotes":""},"class_list":["post-150","page","type-page","status-publish","hentry"],"_links":{"self":[{"href":"https:\/\/whistleblowing.isolcell.com\/fr\/wp-json\/wp\/v2\/pages\/150","targetHints":{"allow":["GET"]}}],"collection":[{"href":"https:\/\/whistleblowing.isolcell.com\/fr\/wp-json\/wp\/v2\/pages"}],"about":[{"href":"https:\/\/whistleblowing.isolcell.com\/fr\/wp-json\/wp\/v2\/types\/page"}],"author":[{"embeddable":true,"href":"https:\/\/whistleblowing.isolcell.com\/fr\/wp-json\/wp\/v2\/users\/1"}],"replies":[{"embeddable":true,"href":"https:\/\/whistleblowing.isolcell.com\/fr\/wp-json\/wp\/v2\/comments?post=150"}],"version-history":[{"count":1,"href":"https:\/\/whistleblowing.isolcell.com\/fr\/wp-json\/wp\/v2\/pages\/150\/revisions"}],"predecessor-version":[{"id":151,"href":"https:\/\/whistleblowing.isolcell.com\/fr\/wp-json\/wp\/v2\/pages\/150\/revisions\/151"}],"wp:attachment":[{"href":"https:\/\/whistleblowing.isolcell.com\/fr\/wp-json\/wp\/v2\/media?parent=150"}],"curies":[{"name":"wp","href":"https:\/\/api.w.org\/{rel}","templated":true}]}}